{"id":129,"date":"2020-12-18T11:23:17","date_gmt":"2020-12-18T11:23:17","guid":{"rendered":"http:\/\/rarathemesdemo.com\/chic-lite\/?page_id=129"},"modified":"2023-08-19T17:21:37","modified_gmt":"2023-08-19T15:21:37","slug":"contact","status":"publish","type":"page","link":"https:\/\/www.vivre-organise.fr\/index.php\/contact\/","title":{"rendered":"Me contacter"},"content":{"rendered":"\n<p>Pour toute question, commentaire ou collaboration, veuillez utiliser le formulaire ci-dessous. Je vous r\u00e9pondrai dans les plus brefs d\u00e9lais.<\/p>\n\n\n\n<div class=\"wp-block-contact-form-7-contact-form-selector\">\n<div class=\"wpcf7 no-js\" id=\"wpcf7-f441-o1\" lang=\"fr-FR\" dir=\"ltr\" data-wpcf7-id=\"441\">\n<div class=\"screen-reader-response\"><p role=\"status\" aria-live=\"polite\" aria-atomic=\"true\"><\/p> <ul><\/ul><\/div>\n<form action=\"\/index.php\/wp-json\/wp\/v2\/pages\/129#wpcf7-f441-o1\" method=\"post\" class=\"wpcf7-form init\" aria-label=\"Formulaire de contact\" novalidate=\"novalidate\" data-status=\"init\">\n<div style=\"display: none;\">\n<input type=\"hidden\" name=\"_wpcf7\" value=\"441\" \/>\n<input type=\"hidden\" name=\"_wpcf7_version\" value=\"6.0.6\" \/>\n<input type=\"hidden\" name=\"_wpcf7_locale\" value=\"fr_FR\" \/>\n<input type=\"hidden\" name=\"_wpcf7_unit_tag\" value=\"wpcf7-f441-o1\" \/>\n<input type=\"hidden\" name=\"_wpcf7_container_post\" value=\"0\" \/>\n<input type=\"hidden\" name=\"_wpcf7_posted_data_hash\" value=\"\" \/>\n<\/div>\n<p><label> Nom et pr\u00e9nom<br \/>\n<span class=\"wpcf7-form-control-wrap\" data-name=\"your-name\"><input size=\"40\" maxlength=\"400\" class=\"wpcf7-form-control wpcf7-text wpcf7-validates-as-required\" autocomplete=\"name\" aria-required=\"true\" aria-invalid=\"false\" value=\"\" type=\"text\" name=\"your-name\" \/><\/span> <\/label>\n<\/p>\n<p><label> Adresse mail<br \/>\n<span class=\"wpcf7-form-control-wrap\" data-name=\"your-email\"><input size=\"40\" maxlength=\"400\" class=\"wpcf7-form-control wpcf7-email wpcf7-validates-as-required wpcf7-text wpcf7-validates-as-email\" autocomplete=\"email\" aria-required=\"true\" aria-invalid=\"false\" value=\"\" type=\"email\" name=\"your-email\" \/><\/span> <\/label>\n<\/p>\n<p><label> Sujet<br \/>\n<span class=\"wpcf7-form-control-wrap\" data-name=\"your-subject\"><input size=\"40\" maxlength=\"400\" class=\"wpcf7-form-control wpcf7-text wpcf7-validates-as-required\" aria-required=\"true\" aria-invalid=\"false\" value=\"\" type=\"text\" name=\"your-subject\" \/><\/span> <\/label>\n<\/p>\n<p><label> Message<br \/>\n<span class=\"wpcf7-form-control-wrap\" data-name=\"your-message\"><textarea cols=\"40\" rows=\"10\" maxlength=\"2000\" class=\"wpcf7-form-control wpcf7-textarea wpcf7-validates-as-required\" aria-required=\"true\" aria-invalid=\"false\" name=\"your-message\"><\/textarea><\/span> <\/label>\n<\/p>\n<p>En utilisant ce formulaire, vous acceptez que les informations que vous fournissez seront utilis\u00e9es dans le but de r\u00e9pondre \u00e0 votre demande et de vous fournir les informations n\u00e9cessaires. Vos donn\u00e9es ne seront pas partag\u00e9es avec des tiers ni utilis\u00e9es \u00e0 des fins de marketing sans votre consentement pr\u00e9alable.\n<\/p>\n<p><input class=\"wpcf7-form-control wpcf7-submit has-spinner\" type=\"submit\" value=\"Envoyer mon message\" \/>\n<\/p><div class=\"wpcf7-response-output\" aria-hidden=\"true\"><\/div>\n<\/form>\n<\/div>\n<\/div>\n\n\n\n<p><strong>Vos Contributions :<\/strong><\/p>\n\n\n\n<p>Si vous avez des histoires inspirantes, des t\u00e9moignages de r\u00e9ussite en mati\u00e8re d&rsquo;organisation et de planification, ou m\u00eame des astuces personnelles que vous souhaitez partager avec la communaut\u00e9, n&rsquo;h\u00e9sitez pas \u00e0 m&rsquo;en informer. J&rsquo;appr\u00e9cie chaque contribution qui peut aider nos lecteurs \u00e0 mener une vie plus organis\u00e9e et \u00e9quilibr\u00e9e.<\/p>\n\n\n\n<p>Merci de me rejoindre dans mon voyage vers une vie mieux organis\u00e9e. Je suis impatiente de vous entendre !<\/p>\n","protected":false},"excerpt":{"rendered":"<p>Pour toute question, commentaire ou collaboration, veuillez utiliser le formulaire ci-dessous. Je vous r\u00e9pondrai dans les plus brefs d\u00e9lais. Vos Contributions : Si vous avez des histoires inspirantes, des t\u00e9moignages de r\u00e9ussite en mati\u00e8re d&rsquo;organisation et de planification, ou m\u00eame &hellip; <\/p>\n","protected":false},"author":1,"featured_media":0,"parent":0,"menu_order":0,"comment_status":"closed","ping_status":"closed","template":"","meta":{"_monsterinsights_skip_tracking":false,"_monsterinsights_sitenote_active":false,"_monsterinsights_sitenote_note":"","_monsterinsights_sitenote_category":0,"footnotes":""},"class_list":["post-129","page","type-page","status-publish","hentry","latest_post"],"yoast_head":"<!-- This site is optimized with the Yoast SEO plugin v25.3 - https:\/\/yoast.com\/wordpress\/plugins\/seo\/ -->\n<title>Me contacter - Vivre organis\u00e9<\/title>\n<meta name=\"robots\" content=\"index, follow, max-snippet:-1, max-image-preview:large, max-video-preview:-1\" \/>\n<link rel=\"canonical\" href=\"https:\/\/www.vivre-organise.fr\/index.php\/contact\/\" \/>\n<meta property=\"og:locale\" content=\"fr_FR\" \/>\n<meta property=\"og:type\" content=\"article\" \/>\n<meta property=\"og:title\" content=\"Me contacter - Vivre organis\u00e9\" \/>\n<meta property=\"og:description\" content=\"Pour toute question, commentaire ou collaboration, veuillez utiliser le formulaire ci-dessous. Je vous r\u00e9pondrai dans les plus brefs d\u00e9lais. Vos Contributions : Si vous avez des histoires inspirantes, des t\u00e9moignages de r\u00e9ussite en mati\u00e8re d&rsquo;organisation et de planification, ou m\u00eame &hellip;\" \/>\n<meta property=\"og:url\" content=\"https:\/\/www.vivre-organise.fr\/index.php\/contact\/\" \/>\n<meta property=\"og:site_name\" content=\"Vivre organis\u00e9\" \/>\n<meta property=\"article:modified_time\" content=\"2023-08-19T15:21:37+00:00\" \/>\n<meta name=\"twitter:card\" content=\"summary_large_image\" \/>\n<meta name=\"twitter:label1\" content=\"Dur\u00e9e de lecture estim\u00e9e\" \/>\n\t<meta name=\"twitter:data1\" content=\"1 minute\" \/>\n<script type=\"application\/ld+json\" class=\"yoast-schema-graph\">{\"@context\":\"https:\/\/schema.org\",\"@graph\":[{\"@type\":\"WebPage\",\"@id\":\"https:\/\/www.vivre-organise.fr\/index.php\/contact\/\",\"url\":\"https:\/\/www.vivre-organise.fr\/index.php\/contact\/\",\"name\":\"Me contacter - Vivre organis\u00e9\",\"isPartOf\":{\"@id\":\"https:\/\/www.vivre-organise.fr\/#website\"},\"datePublished\":\"2020-12-18T11:23:17+00:00\",\"dateModified\":\"2023-08-19T15:21:37+00:00\",\"breadcrumb\":{\"@id\":\"https:\/\/www.vivre-organise.fr\/index.php\/contact\/#breadcrumb\"},\"inLanguage\":\"fr-FR\",\"potentialAction\":[{\"@type\":\"ReadAction\",\"target\":[\"https:\/\/www.vivre-organise.fr\/index.php\/contact\/\"]}]},{\"@type\":\"BreadcrumbList\",\"@id\":\"https:\/\/www.vivre-organise.fr\/index.php\/contact\/#breadcrumb\",\"itemListElement\":[{\"@type\":\"ListItem\",\"position\":1,\"name\":\"Accueil\",\"item\":\"https:\/\/www.vivre-organise.fr\/\"},{\"@type\":\"ListItem\",\"position\":2,\"name\":\"Me contacter\"}]},{\"@type\":\"WebSite\",\"@id\":\"https:\/\/www.vivre-organise.fr\/#website\",\"url\":\"https:\/\/www.vivre-organise.fr\/\",\"name\":\"Vivre organis\u00e9\",\"description\":\"Des planners et de l&#039;organisation dans votre quotidien.\",\"publisher\":{\"@id\":\"https:\/\/www.vivre-organise.fr\/#organization\"},\"potentialAction\":[{\"@type\":\"SearchAction\",\"target\":{\"@type\":\"EntryPoint\",\"urlTemplate\":\"https:\/\/www.vivre-organise.fr\/?s={search_term_string}\"},\"query-input\":{\"@type\":\"PropertyValueSpecification\",\"valueRequired\":true,\"valueName\":\"search_term_string\"}}],\"inLanguage\":\"fr-FR\"},{\"@type\":\"Organization\",\"@id\":\"https:\/\/www.vivre-organise.fr\/#organization\",\"name\":\"Vivre organis\u00e9\",\"url\":\"https:\/\/www.vivre-organise.fr\/\",\"logo\":{\"@type\":\"ImageObject\",\"inLanguage\":\"fr-FR\",\"@id\":\"https:\/\/www.vivre-organise.fr\/#\/schema\/logo\/image\/\",\"url\":\"https:\/\/www.vivre-organise.fr\/wp-content\/uploads\/2023\/08\/cropped-Black-White-Minimalist-Aesthetic-Initials-Font-Logo-1.png\",\"contentUrl\":\"https:\/\/www.vivre-organise.fr\/wp-content\/uploads\/2023\/08\/cropped-Black-White-Minimalist-Aesthetic-Initials-Font-Logo-1.png\",\"width\":338,\"height\":281,\"caption\":\"Vivre organis\u00e9\"},\"image\":{\"@id\":\"https:\/\/www.vivre-organise.fr\/#\/schema\/logo\/image\/\"},\"sameAs\":[\"https:\/\/www.pinterest.fr\/vivreorganise\/\"]}]}<\/script>\n<!-- \/ Yoast SEO plugin. -->","yoast_head_json":{"title":"Me contacter - Vivre organis\u00e9","robots":{"index":"index","follow":"follow","max-snippet":"max-snippet:-1","max-image-preview":"max-image-preview:large","max-video-preview":"max-video-preview:-1"},"canonical":"https:\/\/www.vivre-organise.fr\/index.php\/contact\/","og_locale":"fr_FR","og_type":"article","og_title":"Me contacter - Vivre organis\u00e9","og_description":"Pour toute question, commentaire ou collaboration, veuillez utiliser le formulaire ci-dessous. Je vous r\u00e9pondrai dans les plus brefs d\u00e9lais. Vos Contributions : Si vous avez des histoires inspirantes, des t\u00e9moignages de r\u00e9ussite en mati\u00e8re d&rsquo;organisation et de planification, ou m\u00eame &hellip;","og_url":"https:\/\/www.vivre-organise.fr\/index.php\/contact\/","og_site_name":"Vivre organis\u00e9","article_modified_time":"2023-08-19T15:21:37+00:00","twitter_card":"summary_large_image","twitter_misc":{"Dur\u00e9e de lecture estim\u00e9e":"1 minute"},"schema":{"@context":"https:\/\/schema.org","@graph":[{"@type":"WebPage","@id":"https:\/\/www.vivre-organise.fr\/index.php\/contact\/","url":"https:\/\/www.vivre-organise.fr\/index.php\/contact\/","name":"Me contacter - Vivre organis\u00e9","isPartOf":{"@id":"https:\/\/www.vivre-organise.fr\/#website"},"datePublished":"2020-12-18T11:23:17+00:00","dateModified":"2023-08-19T15:21:37+00:00","breadcrumb":{"@id":"https:\/\/www.vivre-organise.fr\/index.php\/contact\/#breadcrumb"},"inLanguage":"fr-FR","potentialAction":[{"@type":"ReadAction","target":["https:\/\/www.vivre-organise.fr\/index.php\/contact\/"]}]},{"@type":"BreadcrumbList","@id":"https:\/\/www.vivre-organise.fr\/index.php\/contact\/#breadcrumb","itemListElement":[{"@type":"ListItem","position":1,"name":"Accueil","item":"https:\/\/www.vivre-organise.fr\/"},{"@type":"ListItem","position":2,"name":"Me contacter"}]},{"@type":"WebSite","@id":"https:\/\/www.vivre-organise.fr\/#website","url":"https:\/\/www.vivre-organise.fr\/","name":"Vivre organis\u00e9","description":"Des planners et de l&#039;organisation dans votre quotidien.","publisher":{"@id":"https:\/\/www.vivre-organise.fr\/#organization"},"potentialAction":[{"@type":"SearchAction","target":{"@type":"EntryPoint","urlTemplate":"https:\/\/www.vivre-organise.fr\/?s={search_term_string}"},"query-input":{"@type":"PropertyValueSpecification","valueRequired":true,"valueName":"search_term_string"}}],"inLanguage":"fr-FR"},{"@type":"Organization","@id":"https:\/\/www.vivre-organise.fr\/#organization","name":"Vivre organis\u00e9","url":"https:\/\/www.vivre-organise.fr\/","logo":{"@type":"ImageObject","inLanguage":"fr-FR","@id":"https:\/\/www.vivre-organise.fr\/#\/schema\/logo\/image\/","url":"https:\/\/www.vivre-organise.fr\/wp-content\/uploads\/2023\/08\/cropped-Black-White-Minimalist-Aesthetic-Initials-Font-Logo-1.png","contentUrl":"https:\/\/www.vivre-organise.fr\/wp-content\/uploads\/2023\/08\/cropped-Black-White-Minimalist-Aesthetic-Initials-Font-Logo-1.png","width":338,"height":281,"caption":"Vivre organis\u00e9"},"image":{"@id":"https:\/\/www.vivre-organise.fr\/#\/schema\/logo\/image\/"},"sameAs":["https:\/\/www.pinterest.fr\/vivreorganise\/"]}]}},"_links":{"self":[{"href":"https:\/\/www.vivre-organise.fr\/index.php\/wp-json\/wp\/v2\/pages\/129","targetHints":{"allow":["GET"]}}],"collection":[{"href":"https:\/\/www.vivre-organise.fr\/index.php\/wp-json\/wp\/v2\/pages"}],"about":[{"href":"https:\/\/www.vivre-organise.fr\/index.php\/wp-json\/wp\/v2\/types\/page"}],"author":[{"embeddable":true,"href":"https:\/\/www.vivre-organise.fr\/index.php\/wp-json\/wp\/v2\/users\/1"}],"replies":[{"embeddable":true,"href":"https:\/\/www.vivre-organise.fr\/index.php\/wp-json\/wp\/v2\/comments?post=129"}],"version-history":[{"count":1,"href":"https:\/\/www.vivre-organise.fr\/index.php\/wp-json\/wp\/v2\/pages\/129\/revisions"}],"predecessor-version":[{"id":443,"href":"https:\/\/www.vivre-organise.fr\/index.php\/wp-json\/wp\/v2\/pages\/129\/revisions\/443"}],"wp:attachment":[{"href":"https:\/\/www.vivre-organise.fr\/index.php\/wp-json\/wp\/v2\/media?parent=129"}],"curies":[{"name":"wp","href":"https:\/\/api.w.org\/{rel}","templated":true}]}}