{"id":111,"date":"2020-12-18T11:15:30","date_gmt":"2020-12-18T11:15:30","guid":{"rendered":"http:\/\/rarathemesdemo.com\/chic-lite\/?page_id=111"},"modified":"2023-08-19T17:33:20","modified_gmt":"2023-08-19T15:33:20","slug":"about","status":"publish","type":"page","link":"https:\/\/www.vivre-organise.fr\/index.php\/about\/","title":{"rendered":"A propos de moi"},"content":{"rendered":"\n<div class=\"wp-block-columns is-layout-flex wp-container-core-columns-is-layout-9d6595d7 wp-block-columns-is-layout-flex\">\n<div class=\"wp-block-column is-layout-flow wp-block-column-is-layout-flow\" style=\"flex-basis:33.33%\">\n<figure class=\"wp-block-image size-full\"><img loading=\"lazy\" decoding=\"async\" width=\"761\" height=\"772\" src=\"https:\/\/www.vivre-organise.fr\/wp-content\/uploads\/2023\/08\/Design-sans-titre.png\" alt=\"\" class=\"wp-image-451\" srcset=\"https:\/\/www.vivre-organise.fr\/wp-content\/uploads\/2023\/08\/Design-sans-titre.png 761w, https:\/\/www.vivre-organise.fr\/wp-content\/uploads\/2023\/08\/Design-sans-titre-296x300.png 296w, https:\/\/www.vivre-organise.fr\/wp-content\/uploads\/2023\/08\/Design-sans-titre-59x60.png 59w\" sizes=\"auto, (max-width: 761px) 100vw, 761px\" \/><\/figure>\n<\/div>\n\n\n\n<div class=\"wp-block-column is-layout-flow wp-block-column-is-layout-flow\" style=\"flex-basis:66.66%\">\n<p>Bienvenue sur \u00ab\u00a0Vivre Organis\u00e9\u00a0\u00bb ! Je suis Rebecca, la cr\u00e9atrice de ce blog d\u00e9di\u00e9 \u00e0 l&rsquo;organisation, la planification et la gestion budg\u00e9taire. Je suis ravie de vous accueillir dans cet espace o\u00f9 nous explorons ensemble des astuces et des conseils pour mener une vie plus \u00e9quilibr\u00e9e et harmonieuse.<\/p>\n\n\n\n<p><strong>Ma passion pour l&rsquo;organisation et la planification<\/strong><\/p>\n\n\n\n<p>Depuis toujours, j&rsquo;ai \u00e9t\u00e9 fascin\u00e9e par la mani\u00e8re dont une organisation intelligente peut transformer nos vies. En tant que chef de projet, j&rsquo;ai d\u00e9cid\u00e9 de mettre mes comp\u00e9tences au service de quelque chose qui me passionne r\u00e9ellement : aider les autres \u00e0 vivre de mani\u00e8re plus structur\u00e9e et \u00e9panouissante.<\/p>\n<\/div>\n<\/div>\n\n\n\n<h2 class=\"wp-block-heading\">Pourquoi \u00ab\u00a0Vivre Organis\u00e9\u00a0\u00bb ?<\/h2>\n\n\n\n<p>Ce blog est n\u00e9 de mon d\u00e9sir de partager des strat\u00e9gies concr\u00e8tes et des astuces pratiques pour vous aider \u00e0 mieux g\u00e9rer votre temps, votre espace et vos ressources financi\u00e8res. Ma mission est de vous inspirer \u00e0 prendre le contr\u00f4le de votre vie quotidienne, \u00e0 cr\u00e9er des routines qui fonctionnent pour vous et \u00e0 optimiser vos ressources pour atteindre vos objectifs personnels et professionnels.<\/p>\n\n\n\n<p><strong>Ce que vous trouverez sur ce blog<\/strong><\/p>\n\n\n\n<p>Dans les articles de \u00ab\u00a0Vivre Organis\u00e9\u00a0\u00bb, vous d\u00e9couvrirez des conseils pratiques pour cr\u00e9er des plannings efficaces, des astuces pour g\u00e9rer votre budget de mani\u00e8re intelligente, des guides pour organiser votre espace de travail et bien plus encore. J&rsquo;aspire \u00e0 fournir un contenu informatif et inspirant qui vous aidera \u00e0 progresser vers une vie plus \u00e9quilibr\u00e9e et organis\u00e9e.<\/p>\n\n\n\n<figure class=\"wp-block-pullquote\"><blockquote><p>L&rsquo;organisation ne consiste pas \u00e0 \u00eatre parfait, mais \u00e0 personnaliser votre vie de mani\u00e8re \u00e0 vous soutenir dans vos objectifs.<\/p><cite>Julie Morgenstern<\/cite><\/blockquote><\/figure>\n\n\n\n<p><\/p>\n","protected":false},"excerpt":{"rendered":"<p>Bienvenue sur \u00ab\u00a0Vivre Organis\u00e9\u00a0\u00bb ! Je suis Rebecca, la cr\u00e9atrice de ce blog d\u00e9di\u00e9 \u00e0 l&rsquo;organisation, la planification et la gestion budg\u00e9taire. Je suis ravie de vous accueillir dans cet espace o\u00f9 nous explorons ensemble des astuces et des conseils &hellip; <\/p>\n","protected":false},"author":1,"featured_media":0,"parent":0,"menu_order":0,"comment_status":"closed","ping_status":"closed","template":"","meta":{"_monsterinsights_skip_tracking":false,"_monsterinsights_sitenote_active":false,"_monsterinsights_sitenote_note":"","_monsterinsights_sitenote_category":0,"footnotes":""},"class_list":["post-111","page","type-page","status-publish","hentry","latest_post"],"yoast_head":"<!-- This site is optimized with the Yoast SEO plugin v25.3 - https:\/\/yoast.com\/wordpress\/plugins\/seo\/ -->\n<title>A propos de moi - Vivre organis\u00e9<\/title>\n<meta name=\"robots\" content=\"index, follow, max-snippet:-1, max-image-preview:large, max-video-preview:-1\" \/>\n<link rel=\"canonical\" href=\"https:\/\/www.vivre-organise.fr\/index.php\/about\/\" \/>\n<meta property=\"og:locale\" content=\"fr_FR\" \/>\n<meta property=\"og:type\" content=\"article\" \/>\n<meta property=\"og:title\" content=\"A propos de moi - Vivre organis\u00e9\" \/>\n<meta property=\"og:description\" content=\"Bienvenue sur \u00ab\u00a0Vivre Organis\u00e9\u00a0\u00bb ! Je suis Rebecca, la cr\u00e9atrice de ce blog d\u00e9di\u00e9 \u00e0 l&rsquo;organisation, la planification et la gestion budg\u00e9taire. Je suis ravie de vous accueillir dans cet espace o\u00f9 nous explorons ensemble des astuces et des conseils &hellip;\" \/>\n<meta property=\"og:url\" content=\"https:\/\/www.vivre-organise.fr\/index.php\/about\/\" \/>\n<meta property=\"og:site_name\" content=\"Vivre organis\u00e9\" \/>\n<meta property=\"article:modified_time\" content=\"2023-08-19T15:33:20+00:00\" \/>\n<meta property=\"og:image\" content=\"https:\/\/www.vivre-organise.fr\/wp-content\/uploads\/2023\/08\/Design-sans-titre.png\" \/>\n<meta name=\"twitter:card\" content=\"summary_large_image\" \/>\n<meta name=\"twitter:label1\" content=\"Dur\u00e9e de lecture estim\u00e9e\" \/>\n\t<meta name=\"twitter:data1\" content=\"1 minute\" \/>\n<script type=\"application\/ld+json\" class=\"yoast-schema-graph\">{\"@context\":\"https:\/\/schema.org\",\"@graph\":[{\"@type\":\"WebPage\",\"@id\":\"https:\/\/www.vivre-organise.fr\/index.php\/about\/\",\"url\":\"https:\/\/www.vivre-organise.fr\/index.php\/about\/\",\"name\":\"A propos de moi - Vivre organis\u00e9\",\"isPartOf\":{\"@id\":\"https:\/\/www.vivre-organise.fr\/#website\"},\"primaryImageOfPage\":{\"@id\":\"https:\/\/www.vivre-organise.fr\/index.php\/about\/#primaryimage\"},\"image\":{\"@id\":\"https:\/\/www.vivre-organise.fr\/index.php\/about\/#primaryimage\"},\"thumbnailUrl\":\"https:\/\/www.vivre-organise.fr\/wp-content\/uploads\/2023\/08\/Design-sans-titre.png\",\"datePublished\":\"2020-12-18T11:15:30+00:00\",\"dateModified\":\"2023-08-19T15:33:20+00:00\",\"breadcrumb\":{\"@id\":\"https:\/\/www.vivre-organise.fr\/index.php\/about\/#breadcrumb\"},\"inLanguage\":\"fr-FR\",\"potentialAction\":[{\"@type\":\"ReadAction\",\"target\":[\"https:\/\/www.vivre-organise.fr\/index.php\/about\/\"]}]},{\"@type\":\"ImageObject\",\"inLanguage\":\"fr-FR\",\"@id\":\"https:\/\/www.vivre-organise.fr\/index.php\/about\/#primaryimage\",\"url\":\"https:\/\/www.vivre-organise.fr\/wp-content\/uploads\/2023\/08\/Design-sans-titre.png\",\"contentUrl\":\"https:\/\/www.vivre-organise.fr\/wp-content\/uploads\/2023\/08\/Design-sans-titre.png\",\"width\":761,\"height\":772},{\"@type\":\"BreadcrumbList\",\"@id\":\"https:\/\/www.vivre-organise.fr\/index.php\/about\/#breadcrumb\",\"itemListElement\":[{\"@type\":\"ListItem\",\"position\":1,\"name\":\"Accueil\",\"item\":\"https:\/\/www.vivre-organise.fr\/\"},{\"@type\":\"ListItem\",\"position\":2,\"name\":\"A propos de moi\"}]},{\"@type\":\"WebSite\",\"@id\":\"https:\/\/www.vivre-organise.fr\/#website\",\"url\":\"https:\/\/www.vivre-organise.fr\/\",\"name\":\"Vivre organis\u00e9\",\"description\":\"Des planners et de l&#039;organisation dans votre quotidien.\",\"publisher\":{\"@id\":\"https:\/\/www.vivre-organise.fr\/#organization\"},\"potentialAction\":[{\"@type\":\"SearchAction\",\"target\":{\"@type\":\"EntryPoint\",\"urlTemplate\":\"https:\/\/www.vivre-organise.fr\/?s={search_term_string}\"},\"query-input\":{\"@type\":\"PropertyValueSpecification\",\"valueRequired\":true,\"valueName\":\"search_term_string\"}}],\"inLanguage\":\"fr-FR\"},{\"@type\":\"Organization\",\"@id\":\"https:\/\/www.vivre-organise.fr\/#organization\",\"name\":\"Vivre organis\u00e9\",\"url\":\"https:\/\/www.vivre-organise.fr\/\",\"logo\":{\"@type\":\"ImageObject\",\"inLanguage\":\"fr-FR\",\"@id\":\"https:\/\/www.vivre-organise.fr\/#\/schema\/logo\/image\/\",\"url\":\"https:\/\/www.vivre-organise.fr\/wp-content\/uploads\/2023\/08\/cropped-Black-White-Minimalist-Aesthetic-Initials-Font-Logo-1.png\",\"contentUrl\":\"https:\/\/www.vivre-organise.fr\/wp-content\/uploads\/2023\/08\/cropped-Black-White-Minimalist-Aesthetic-Initials-Font-Logo-1.png\",\"width\":338,\"height\":281,\"caption\":\"Vivre organis\u00e9\"},\"image\":{\"@id\":\"https:\/\/www.vivre-organise.fr\/#\/schema\/logo\/image\/\"},\"sameAs\":[\"https:\/\/www.pinterest.fr\/vivreorganise\/\"]}]}<\/script>\n<!-- \/ Yoast SEO plugin. -->","yoast_head_json":{"title":"A propos de moi - Vivre organis\u00e9","robots":{"index":"index","follow":"follow","max-snippet":"max-snippet:-1","max-image-preview":"max-image-preview:large","max-video-preview":"max-video-preview:-1"},"canonical":"https:\/\/www.vivre-organise.fr\/index.php\/about\/","og_locale":"fr_FR","og_type":"article","og_title":"A propos de moi - Vivre organis\u00e9","og_description":"Bienvenue sur \u00ab\u00a0Vivre Organis\u00e9\u00a0\u00bb ! Je suis Rebecca, la cr\u00e9atrice de ce blog d\u00e9di\u00e9 \u00e0 l&rsquo;organisation, la planification et la gestion budg\u00e9taire. Je suis ravie de vous accueillir dans cet espace o\u00f9 nous explorons ensemble des astuces et des conseils &hellip;","og_url":"https:\/\/www.vivre-organise.fr\/index.php\/about\/","og_site_name":"Vivre organis\u00e9","article_modified_time":"2023-08-19T15:33:20+00:00","og_image":[{"url":"https:\/\/www.vivre-organise.fr\/wp-content\/uploads\/2023\/08\/Design-sans-titre.png","type":"","width":"","height":""}],"twitter_card":"summary_large_image","twitter_misc":{"Dur\u00e9e de lecture estim\u00e9e":"1 minute"},"schema":{"@context":"https:\/\/schema.org","@graph":[{"@type":"WebPage","@id":"https:\/\/www.vivre-organise.fr\/index.php\/about\/","url":"https:\/\/www.vivre-organise.fr\/index.php\/about\/","name":"A propos de moi - Vivre organis\u00e9","isPartOf":{"@id":"https:\/\/www.vivre-organise.fr\/#website"},"primaryImageOfPage":{"@id":"https:\/\/www.vivre-organise.fr\/index.php\/about\/#primaryimage"},"image":{"@id":"https:\/\/www.vivre-organise.fr\/index.php\/about\/#primaryimage"},"thumbnailUrl":"https:\/\/www.vivre-organise.fr\/wp-content\/uploads\/2023\/08\/Design-sans-titre.png","datePublished":"2020-12-18T11:15:30+00:00","dateModified":"2023-08-19T15:33:20+00:00","breadcrumb":{"@id":"https:\/\/www.vivre-organise.fr\/index.php\/about\/#breadcrumb"},"inLanguage":"fr-FR","potentialAction":[{"@type":"ReadAction","target":["https:\/\/www.vivre-organise.fr\/index.php\/about\/"]}]},{"@type":"ImageObject","inLanguage":"fr-FR","@id":"https:\/\/www.vivre-organise.fr\/index.php\/about\/#primaryimage","url":"https:\/\/www.vivre-organise.fr\/wp-content\/uploads\/2023\/08\/Design-sans-titre.png","contentUrl":"https:\/\/www.vivre-organise.fr\/wp-content\/uploads\/2023\/08\/Design-sans-titre.png","width":761,"height":772},{"@type":"BreadcrumbList","@id":"https:\/\/www.vivre-organise.fr\/index.php\/about\/#breadcrumb","itemListElement":[{"@type":"ListItem","position":1,"name":"Accueil","item":"https:\/\/www.vivre-organise.fr\/"},{"@type":"ListItem","position":2,"name":"A propos de moi"}]},{"@type":"WebSite","@id":"https:\/\/www.vivre-organise.fr\/#website","url":"https:\/\/www.vivre-organise.fr\/","name":"Vivre organis\u00e9","description":"Des planners et de l&#039;organisation dans votre quotidien.","publisher":{"@id":"https:\/\/www.vivre-organise.fr\/#organization"},"potentialAction":[{"@type":"SearchAction","target":{"@type":"EntryPoint","urlTemplate":"https:\/\/www.vivre-organise.fr\/?s={search_term_string}"},"query-input":{"@type":"PropertyValueSpecification","valueRequired":true,"valueName":"search_term_string"}}],"inLanguage":"fr-FR"},{"@type":"Organization","@id":"https:\/\/www.vivre-organise.fr\/#organization","name":"Vivre organis\u00e9","url":"https:\/\/www.vivre-organise.fr\/","logo":{"@type":"ImageObject","inLanguage":"fr-FR","@id":"https:\/\/www.vivre-organise.fr\/#\/schema\/logo\/image\/","url":"https:\/\/www.vivre-organise.fr\/wp-content\/uploads\/2023\/08\/cropped-Black-White-Minimalist-Aesthetic-Initials-Font-Logo-1.png","contentUrl":"https:\/\/www.vivre-organise.fr\/wp-content\/uploads\/2023\/08\/cropped-Black-White-Minimalist-Aesthetic-Initials-Font-Logo-1.png","width":338,"height":281,"caption":"Vivre organis\u00e9"},"image":{"@id":"https:\/\/www.vivre-organise.fr\/#\/schema\/logo\/image\/"},"sameAs":["https:\/\/www.pinterest.fr\/vivreorganise\/"]}]}},"_links":{"self":[{"href":"https:\/\/www.vivre-organise.fr\/index.php\/wp-json\/wp\/v2\/pages\/111","targetHints":{"allow":["GET"]}}],"collection":[{"href":"https:\/\/www.vivre-organise.fr\/index.php\/wp-json\/wp\/v2\/pages"}],"about":[{"href":"https:\/\/www.vivre-organise.fr\/index.php\/wp-json\/wp\/v2\/types\/page"}],"author":[{"embeddable":true,"href":"https:\/\/www.vivre-organise.fr\/index.php\/wp-json\/wp\/v2\/users\/1"}],"replies":[{"embeddable":true,"href":"https:\/\/www.vivre-organise.fr\/index.php\/wp-json\/wp\/v2\/comments?post=111"}],"version-history":[{"count":5,"href":"https:\/\/www.vivre-organise.fr\/index.php\/wp-json\/wp\/v2\/pages\/111\/revisions"}],"predecessor-version":[{"id":458,"href":"https:\/\/www.vivre-organise.fr\/index.php\/wp-json\/wp\/v2\/pages\/111\/revisions\/458"}],"wp:attachment":[{"href":"https:\/\/www.vivre-organise.fr\/index.php\/wp-json\/wp\/v2\/media?parent=111"}],"curies":[{"name":"wp","href":"https:\/\/api.w.org\/{rel}","templated":true}]}}